{"id":1060,"date":"2024-06-14T14:36:47","date_gmt":"2024-06-14T19:36:47","guid":{"rendered":"https:\/\/invemedperu.com\/?post_type=product&#038;p=1060"},"modified":"2024-08-23T11:38:19","modified_gmt":"2024-08-23T16:38:19","slug":"workshop-monitoreo-de-hemodinamico","status":"publish","type":"product","link":"https:\/\/invemedperu.com\/?product=workshop-monitoreo-de-hemodinamico","title":{"rendered":"Workshop &#8211; Monitoreo de Hemodin\u00e1mico"},"content":{"rendered":"<p>El workshop del 5 de septiembre es una oportunidad exclusiva para profundizar en el monitoreo hemodin\u00e1mico. Contar\u00e1 con ponentes de talla internacional como Jean-Louis Teboul, Olfa Hamzaoui y Xavier Monnet. En la ma\u00f1ana, se ofrecer\u00e1n clases te\u00f3ricas y, por la tarde, simulaciones de casos cl\u00ednicos y discusiones interactivas. Este evento, con traducci\u00f3n en simult\u00e1neo, es una ocasi\u00f3n \u00fanica para aprender y compartir conocimientos con expertos en la materia. \u00a1No te lo pierdas!<\/p>\n","protected":false},"excerpt":{"rendered":"<p>El workshop del 5 de septiembre contar\u00e1 con clases te\u00f3ricas y simulaciones de casos cl\u00ednicos impartidas por expertos internacionales como Jean-Louis Teboul, Olfa Hamzaoui y Xavier Monnet. Habr\u00e1 traducci\u00f3n simult\u00e1nea. \u00a1No te lo pierdas!<\/p>\n","protected":false},"featured_media":1064,"template":"","meta":{"site-sidebar-layout":"default","site-content-layout":"","ast-site-content-layout":"default","site-content-style":"default","site-sidebar-style":"default","ast-global-header-display":"","ast-banner-title-visibility":"","ast-main-header-display":"","ast-hfb-above-header-display":"","ast-hfb-below-header-display":"","ast-hfb-mobile-header-display":"","site-post-title":"","ast-breadcrumbs-content":"","ast-featured-img":"","footer-sml-layout":"","ast-disable-related-posts":"","theme-transparent-header-meta":"default","adv-header-id-meta":"","stick-header-meta":"","header-above-stick-meta":"","header-main-stick-meta":"","header-below-stick-meta":"","astra-migrate-meta-layouts":"set","ast-page-background-enabled":"default","ast-page-background-meta":{"desktop":{"background-color":"","background-image":"","background-repeat":"repeat","background-position":"center center","background-size":"auto","background-attachment":"scroll","background-type":"","background-media":"","overlay-type":"","overlay-color":"","overlay-opacity":"","overlay-gradient":""},"tablet":{"background-color":"","background-image":"","background-repeat":"repeat","background-position":"center center","background-size":"auto","background-attachment":"scroll","background-type":"","background-media":"","overlay-type":"","overlay-color":"","overlay-opacity":"","overlay-gradient":""},"mobile":{"background-color":"","background-image":"","background-repeat":"repeat","background-position":"center center","background-size":"auto","background-attachment":"scroll","background-type":"","background-media":"","overlay-type":"","overlay-color":"","overlay-opacity":"","overlay-gradient":""}},"ast-content-background-meta":{"desktop":{"background-color":"var(--ast-global-color-5)","background-image":"","background-repeat":"repeat","background-position":"center center","background-size":"auto","background-attachment":"scroll","background-type":"","background-media":"","overlay-type":"","overlay-color":"","overlay-opacity":"","overlay-gradient":""},"tablet":{"background-color":"var(--ast-global-color-5)","background-image":"","background-repeat":"repeat","background-position":"center center","background-size":"auto","background-attachment":"scroll","background-type":"","background-media":"","overlay-type":"","overlay-color":"","overlay-opacity":"","overlay-gradient":""},"mobile":{"background-color":"var(--ast-global-color-5)","background-image":"","background-repeat":"repeat","background-position":"center center","background-size":"auto","background-attachment":"scroll","background-type":"","background-media":"","overlay-type":"","overlay-color":"","overlay-opacity":"","overlay-gradient":""}}},"product_cat":[31],"product_tag":[],"class_list":{"0":"post-1060","1":"product","2":"type-product","3":"status-publish","4":"has-post-thumbnail","6":"product_cat-vii-simposio-vm-y-hm","7":"desktop-align-center","8":"tablet-align-center","9":"mobile-align-center","11":"first","12":"outofstock","13":"taxable","14":"shipping-taxable","15":"purchasable","16":"product-type-simple"},"aioseo_notices":[],"_links":{"self":[{"href":"https:\/\/invemedperu.com\/index.php?rest_route=\/wp\/v2\/product\/1060","targetHints":{"allow":["GET"]}}],"collection":[{"href":"https:\/\/invemedperu.com\/index.php?rest_route=\/wp\/v2\/product"}],"about":[{"href":"https:\/\/invemedperu.com\/index.php?rest_route=\/wp\/v2\/types\/product"}],"version-history":[{"count":1,"href":"https:\/\/invemedperu.com\/index.php?rest_route=\/wp\/v2\/product\/1060\/revisions"}],"predecessor-version":[{"id":1061,"href":"https:\/\/invemedperu.com\/index.php?rest_route=\/wp\/v2\/product\/1060\/revisions\/1061"}],"wp:featuredmedia":[{"embeddable":true,"href":"https:\/\/invemedperu.com\/index.php?rest_route=\/wp\/v2\/media\/1064"}],"wp:attachment":[{"href":"https:\/\/invemedperu.com\/index.php?rest_route=%2Fwp%2Fv2%2Fmedia&parent=1060"}],"wp:term":[{"taxonomy":"product_cat","embeddable":true,"href":"https:\/\/invemedperu.com\/index.php?rest_route=%2Fwp%2Fv2%2Fproduct_cat&post=1060"},{"taxonomy":"product_tag","embeddable":true,"href":"https:\/\/invemedperu.com\/index.php?rest_route=%2Fwp%2Fv2%2Fproduct_tag&post=1060"}],"curies":[{"name":"wp","href":"https:\/\/api.w.org\/{rel}","templated":true}]}}