{"id":963,"date":"2024-04-18T18:24:58","date_gmt":"2024-04-18T23:24:58","guid":{"rendered":"https:\/\/invemedperu.com\/?post_type=product&#038;p=963"},"modified":"2024-09-10T10:43:37","modified_gmt":"2024-09-10T15:43:37","slug":"enfermeros-fisioterapeutas-y-medicos-veterinarios","status":"publish","type":"product","link":"https:\/\/invemedperu.com\/?product=enfermeros-fisioterapeutas-y-medicos-veterinarios","title":{"rendered":"Enfermeros, Fisioterapeutas y M\u00e9dicos Veterinarios"},"content":{"rendered":"<p>\u00a1\u00danete a nosotros en el VII Simposio Internacional de Ventilaci\u00f3n Mec\u00e1nica y Monitoreo Hemodin\u00e1mico! Este evento, que se llevar\u00e1 a cabo los d\u00edas 6 y 7 de septiembre de 2024 en el Hotel Jos\u00e9 Antonio Deluxe, Lima &#8211; Per\u00fa, reunir\u00e1 a expertos de reconocimiento internacional en medicina intensiva. Explora los \u00faltimos avances, intercambia conocimientos y ampl\u00eda tu red profesional en un entorno enriquecedor. \u00a1No te pierdas esta oportunidad de aprendizaje y crecimiento en el fascinante mundo de la medicina intensiva!<\/p>\n","protected":false},"excerpt":{"rendered":"<p>\u00a1\u00danete al VII Simposio Internacional de Ventilaci\u00f3n Mec\u00e1nica y Monitoreo Hemodin\u00e1mico! Conecta con expertos de reconocimiento internacional en medicina intensiva y accede a los \u00faltimos avances en un entorno enriquecedor.<\/p>\n","protected":false},"featured_media":960,"template":"","meta":{"site-sidebar-layout":"default","site-content-layout":"","ast-site-content-layout":"default","site-content-style":"default","site-sidebar-style":"default","ast-global-header-display":"","ast-banner-title-visibility":"","ast-main-header-display":"","ast-hfb-above-header-display":"","ast-hfb-below-header-display":"","ast-hfb-mobile-header-display":"","site-post-title":"","ast-breadcrumbs-content":"","ast-featured-img":"","footer-sml-layout":"","ast-disable-related-posts":"","theme-transparent-header-meta":"default","adv-header-id-meta":"","stick-header-meta":"","header-above-stick-meta":"","header-main-stick-meta":"","header-below-stick-meta":"","astra-migrate-meta-layouts":"set","ast-page-background-enabled":"default","ast-page-background-meta":{"desktop":{"background-color":"","background-image":"","background-repeat":"repeat","background-position":"center center","background-size":"auto","background-attachment":"scroll","background-type":"","background-media":"","overlay-type":"","overlay-color":"","overlay-opacity":"","overlay-gradient":""},"tablet":{"background-color":"","background-image":"","background-repeat":"repeat","background-position":"center center","background-size":"auto","background-attachment":"scroll","background-type":"","background-media":"","overlay-type":"","overlay-color":"","overlay-opacity":"","overlay-gradient":""},"mobile":{"background-color":"","background-image":"","background-repeat":"repeat","background-position":"center center","background-size":"auto","background-attachment":"scroll","background-type":"","background-media":"","overlay-type":"","overlay-color":"","overlay-opacity":"","overlay-gradient":""}},"ast-content-background-meta":{"desktop":{"background-color":"var(--ast-global-color-5)","background-image":"","background-repeat":"repeat","background-position":"center center","background-size":"auto","background-attachment":"scroll","background-type":"","background-media":"","overlay-type":"","overlay-color":"","overlay-opacity":"","overlay-gradient":""},"tablet":{"background-color":"var(--ast-global-color-5)","background-image":"","background-repeat":"repeat","background-position":"center center","background-size":"auto","background-attachment":"scroll","background-type":"","background-media":"","overlay-type":"","overlay-color":"","overlay-opacity":"","overlay-gradient":""},"mobile":{"background-color":"var(--ast-global-color-5)","background-image":"","background-repeat":"repeat","background-position":"center center","background-size":"auto","background-attachment":"scroll","background-type":"","background-media":"","overlay-type":"","overlay-color":"","overlay-opacity":"","overlay-gradient":""}}},"product_cat":[31],"product_tag":[33,34,35],"class_list":{"0":"post-963","1":"product","2":"type-product","3":"status-publish","4":"has-post-thumbnail","6":"product_cat-vii-simposio-vm-y-hm","7":"product_tag-enfermeros","8":"product_tag-fisioterapeutas","9":"product_tag-medicos-veterinarios","10":"desktop-align-center","11":"tablet-align-center","12":"mobile-align-center","14":"first","15":"outofstock","16":"taxable","17":"shipping-taxable","18":"purchasable","19":"product-type-simple"},"aioseo_notices":[],"_links":{"self":[{"href":"https:\/\/invemedperu.com\/index.php?rest_route=\/wp\/v2\/product\/963","targetHints":{"allow":["GET"]}}],"collection":[{"href":"https:\/\/invemedperu.com\/index.php?rest_route=\/wp\/v2\/product"}],"about":[{"href":"https:\/\/invemedperu.com\/index.php?rest_route=\/wp\/v2\/types\/product"}],"version-history":[{"count":1,"href":"https:\/\/invemedperu.com\/index.php?rest_route=\/wp\/v2\/product\/963\/revisions"}],"predecessor-version":[{"id":964,"href":"https:\/\/invemedperu.com\/index.php?rest_route=\/wp\/v2\/product\/963\/revisions\/964"}],"wp:featuredmedia":[{"embeddable":true,"href":"https:\/\/invemedperu.com\/index.php?rest_route=\/wp\/v2\/media\/960"}],"wp:attachment":[{"href":"https:\/\/invemedperu.com\/index.php?rest_route=%2Fwp%2Fv2%2Fmedia&parent=963"}],"wp:term":[{"taxonomy":"product_cat","embeddable":true,"href":"https:\/\/invemedperu.com\/index.php?rest_route=%2Fwp%2Fv2%2Fproduct_cat&post=963"},{"taxonomy":"product_tag","embeddable":true,"href":"https:\/\/invemedperu.com\/index.php?rest_route=%2Fwp%2Fv2%2Fproduct_tag&post=963"}],"curies":[{"name":"wp","href":"https:\/\/api.w.org\/{rel}","templated":true}]}}